{"id":1200,"date":"2025-05-04T11:30:31","date_gmt":"2025-05-04T11:30:31","guid":{"rendered":"https:\/\/hostallegaz.com\/?page_id=1200"},"modified":"2025-05-04T11:39:01","modified_gmt":"2025-05-04T11:39:01","slug":"condiciones-generales-de-venta","status":"publish","type":"page","link":"https:\/\/hostallegaz.com\/en\/condiciones-generales-de-venta\/","title":{"rendered":"Condiciones generales de venta"},"content":{"rendered":"<p>Estimados Clientes: NO SE REQUIERE PAGO ANTICIPADO<\/p>\n\n\n\n<p>Nuestro establecimiento solamente solicita su tarjeta a modo de garant\u00eda y har\u00e1 uso de ella en el momento de la llegada al hotel para reservas con tarjeta. Nuestro establecimiento dispone de un sistema de Autochecking muy sencillo con su c\u00f3digo de reserva y 24 horas de recepci\u00f3n.<\/p>\n\n\n\n<p>Las presentes condiciones generales est\u00e1n sujetas a lo dispuesto en la Ley 7\/1998, de 13 de abril sobre Condiciones Generales de Contrataci\u00f3n, el Real Decreto Legislativo 1\/2007, de 16 de noviembre, por el que se aprueba el texto refundido de la Ley General para la Defensa de los Consumidores y usuarios y otras leyes complementarias, la Ley 34\/2002, de 11 de Julio, de Servicios de la Sociedad de la Informaci\u00f3n y de Comercio Electr\u00f3nico, as\u00ed como toda la normativa tur\u00edstica que resulte de aplicaci\u00f3n y, subsidiariamente, el C\u00f3digo Civil y el C\u00f3digo de Comercio.<\/p>","protected":false},"excerpt":{"rendered":"<p>Estimados Clientes: NO SE REQUIERE PAGO ANTICIPADO Nuestro establecimiento solamente solicita su tarjeta a modo de garant\u00eda y har\u00e1 uso de ella en el momento de la llegada al hotel para reservas con tarjeta. Nuestro establecimiento dispone de un sistema de Autochecking muy sencillo con su c\u00f3digo de reserva y 24 horas de recepci\u00f3n. Las [&hellip;]<\/p>","protected":false},"author":2,"featured_media":0,"parent":0,"menu_order":0,"comment_status":"closed","ping_status":"closed","template":"","meta":{"footnotes":""},"class_list":["post-1200","page","type-page","status-publish","hentry"],"yoast_head":"<title>Condiciones generales de venta - Hostal Legaz<\/title>\n<meta name=\"robots\" content=\"noindex, follow\" \/>\n<meta property=\"og:locale\" content=\"en_US\" \/>\n<meta property=\"og:type\" content=\"article\" \/>\n<meta property=\"og:title\" content=\"Condiciones generales de venta - Hostal Legaz\" \/>\n<meta property=\"og:description\" content=\"Estimados Clientes: NO SE REQUIERE PAGO ANTICIPADO Nuestro establecimiento solamente solicita su tarjeta a modo de garant\u00eda y har\u00e1 uso de ella en el momento de la llegada al hotel para reservas con tarjeta. Nuestro establecimiento dispone de un sistema de Autochecking muy sencillo con su c\u00f3digo de reserva y 24 horas de recepci\u00f3n. Las [&hellip;]\" \/>\n<meta property=\"og:url\" content=\"https:\/\/hostallegaz.com\/en\/condiciones-generales-de-venta\/\" \/>\n<meta property=\"og:site_name\" content=\"Hostal Legaz\" \/>\n<meta property=\"article:modified_time\" content=\"2025-05-04T11:39:01+00:00\" \/>\n<meta name=\"twitter:card\" content=\"summary_large_image\" \/>\n<meta name=\"twitter:label1\" content=\"Est. reading time\" \/>\n\t<meta name=\"twitter:data1\" content=\"1 minute\" \/>\n<script type=\"application\/ld+json\" class=\"yoast-schema-graph\">{\"@context\":\"https:\/\/schema.org\",\"@graph\":[{\"@type\":\"WebPage\",\"@id\":\"https:\/\/hostallegaz.com\/condiciones-generales-de-venta\/\",\"url\":\"https:\/\/hostallegaz.com\/condiciones-generales-de-venta\/\",\"name\":\"Condiciones generales de venta - Hostal Legaz\",\"isPartOf\":{\"@id\":\"https:\/\/hostallegaz.com\/#website\"},\"datePublished\":\"2025-05-04T11:30:31+00:00\",\"dateModified\":\"2025-05-04T11:39:01+00:00\",\"breadcrumb\":{\"@id\":\"https:\/\/hostallegaz.com\/condiciones-generales-de-venta\/#breadcrumb\"},\"inLanguage\":\"en-US\",\"potentialAction\":[{\"@type\":\"ReadAction\",\"target\":[\"https:\/\/hostallegaz.com\/condiciones-generales-de-venta\/\"]}]},{\"@type\":\"BreadcrumbList\",\"@id\":\"https:\/\/hostallegaz.com\/condiciones-generales-de-venta\/#breadcrumb\",\"itemListElement\":[{\"@type\":\"ListItem\",\"position\":1,\"name\":\"Portada\",\"item\":\"https:\/\/hostallegaz.com\/\"},{\"@type\":\"ListItem\",\"position\":2,\"name\":\"Condiciones generales de venta\"}]},{\"@type\":\"WebSite\",\"@id\":\"https:\/\/hostallegaz.com\/#website\",\"url\":\"https:\/\/hostallegaz.com\/\",\"name\":\"Hostal Legaz - Hostal en Funes\",\"description\":\"Hostal en Funes (Navarra)\",\"publisher\":{\"@id\":\"https:\/\/hostallegaz.com\/#organization\"},\"potentialAction\":[{\"@type\":\"SearchAction\",\"target\":{\"@type\":\"EntryPoint\",\"urlTemplate\":\"https:\/\/hostallegaz.com\/?s={search_term_string}\"},\"query-input\":{\"@type\":\"PropertyValueSpecification\",\"valueRequired\":true,\"valueName\":\"search_term_string\"}}],\"inLanguage\":\"en-US\"},{\"@type\":\"Organization\",\"@id\":\"https:\/\/hostallegaz.com\/#organization\",\"name\":\"Hostal Legaz\",\"url\":\"https:\/\/hostallegaz.com\/\",\"logo\":{\"@type\":\"ImageObject\",\"inLanguage\":\"en-US\",\"@id\":\"https:\/\/hostallegaz.com\/#\/schema\/logo\/image\/\",\"url\":\"https:\/\/hostallegaz.com\/wp-content\/uploads\/2022\/11\/logo-hostal-legaz.png\",\"contentUrl\":\"https:\/\/hostallegaz.com\/wp-content\/uploads\/2022\/11\/logo-hostal-legaz.png\",\"width\":350,\"height\":100,\"caption\":\"Hostal Legaz\"},\"image\":{\"@id\":\"https:\/\/hostallegaz.com\/#\/schema\/logo\/image\/\"}}]}<\/script>","yoast_head_json":{"title":"Condiciones generales de venta - Hostal Legaz","robots":{"index":"noindex","follow":"follow"},"og_locale":"en_US","og_type":"article","og_title":"Condiciones generales de venta - Hostal Legaz","og_description":"Estimados Clientes: NO SE REQUIERE PAGO ANTICIPADO Nuestro establecimiento solamente solicita su tarjeta a modo de garant\u00eda y har\u00e1 uso de ella en el momento de la llegada al hotel para reservas con tarjeta. Nuestro establecimiento dispone de un sistema de Autochecking muy sencillo con su c\u00f3digo de reserva y 24 horas de recepci\u00f3n. Las [&hellip;]","og_url":"https:\/\/hostallegaz.com\/en\/condiciones-generales-de-venta\/","og_site_name":"Hostal Legaz","article_modified_time":"2025-05-04T11:39:01+00:00","twitter_card":"summary_large_image","twitter_misc":{"Est. reading time":"1 minute"},"schema":{"@context":"https:\/\/schema.org","@graph":[{"@type":"WebPage","@id":"https:\/\/hostallegaz.com\/condiciones-generales-de-venta\/","url":"https:\/\/hostallegaz.com\/condiciones-generales-de-venta\/","name":"Condiciones generales de venta - Hostal Legaz","isPartOf":{"@id":"https:\/\/hostallegaz.com\/#website"},"datePublished":"2025-05-04T11:30:31+00:00","dateModified":"2025-05-04T11:39:01+00:00","breadcrumb":{"@id":"https:\/\/hostallegaz.com\/condiciones-generales-de-venta\/#breadcrumb"},"inLanguage":"en-US","potentialAction":[{"@type":"ReadAction","target":["https:\/\/hostallegaz.com\/condiciones-generales-de-venta\/"]}]},{"@type":"BreadcrumbList","@id":"https:\/\/hostallegaz.com\/condiciones-generales-de-venta\/#breadcrumb","itemListElement":[{"@type":"ListItem","position":1,"name":"Portada","item":"https:\/\/hostallegaz.com\/"},{"@type":"ListItem","position":2,"name":"Condiciones generales de venta"}]},{"@type":"WebSite","@id":"https:\/\/hostallegaz.com\/#website","url":"https:\/\/hostallegaz.com\/","name":"Hostal Legaz - Hostal en Funes","description":"Hostal en Funes (Navarra)","publisher":{"@id":"https:\/\/hostallegaz.com\/#organization"},"potentialAction":[{"@type":"SearchAction","target":{"@type":"EntryPoint","urlTemplate":"https:\/\/hostallegaz.com\/?s={search_term_string}"},"query-input":{"@type":"PropertyValueSpecification","valueRequired":true,"valueName":"search_term_string"}}],"inLanguage":"en-US"},{"@type":"Organization","@id":"https:\/\/hostallegaz.com\/#organization","name":"Hostal Legaz","url":"https:\/\/hostallegaz.com\/","logo":{"@type":"ImageObject","inLanguage":"en-US","@id":"https:\/\/hostallegaz.com\/#\/schema\/logo\/image\/","url":"https:\/\/hostallegaz.com\/wp-content\/uploads\/2022\/11\/logo-hostal-legaz.png","contentUrl":"https:\/\/hostallegaz.com\/wp-content\/uploads\/2022\/11\/logo-hostal-legaz.png","width":350,"height":100,"caption":"Hostal Legaz"},"image":{"@id":"https:\/\/hostallegaz.com\/#\/schema\/logo\/image\/"}}]}},"_links":{"self":[{"href":"https:\/\/hostallegaz.com\/en\/wp-json\/wp\/v2\/pages\/1200","targetHints":{"allow":["GET"]}}],"collection":[{"href":"https:\/\/hostallegaz.com\/en\/wp-json\/wp\/v2\/pages"}],"about":[{"href":"https:\/\/hostallegaz.com\/en\/wp-json\/wp\/v2\/types\/page"}],"author":[{"embeddable":true,"href":"https:\/\/hostallegaz.com\/en\/wp-json\/wp\/v2\/users\/2"}],"replies":[{"embeddable":true,"href":"https:\/\/hostallegaz.com\/en\/wp-json\/wp\/v2\/comments?post=1200"}],"version-history":[{"count":1,"href":"https:\/\/hostallegaz.com\/en\/wp-json\/wp\/v2\/pages\/1200\/revisions"}],"predecessor-version":[{"id":1201,"href":"https:\/\/hostallegaz.com\/en\/wp-json\/wp\/v2\/pages\/1200\/revisions\/1201"}],"wp:attachment":[{"href":"https:\/\/hostallegaz.com\/en\/wp-json\/wp\/v2\/media?parent=1200"}],"curies":[{"name":"wp","href":"https:\/\/api.w.org\/{rel}","templated":true}]}}